{"id":653,"date":"2019-01-25T11:02:41","date_gmt":"2019-01-25T10:02:41","guid":{"rendered":"http:\/\/www.praxxiiis.at\/?page_id=653"},"modified":"2019-03-19T12:20:03","modified_gmt":"2019-03-19T11:20:03","slug":"kontakt","status":"publish","type":"page","link":"https:\/\/www.praxxiiis.at\/?page_id=653","title":{"rendered":"Kontakt"},"content":{"rendered":"\t\t<div data-elementor-type=\"wp-post\" data-elementor-id=\"653\" class=\"elementor elementor-653\" data-elementor-settings=\"[]\">\n\t\t\t\t\t\t<div class=\"elementor-inner\">\n\t\t\t\t\t\t\t<div class=\"elementor-section-wrap\">\n\t\t\t\t\t\t\t<section class=\"elementor-section elementor-top-section elementor-element elementor-element-49a644a elementor-section-boxed elementor-section-height-default elementor-section-height-default\" data-id=\"49a644a\" data-element_type=\"section\">\n\t\t\t\t\t\t<div class=\"elementor-container elementor-column-gap-default\">\n\t\t\t\t\t\t\t<div class=\"elementor-row\">\n\t\t\t\t\t<div class=\"elementor-column elementor-col-100 elementor-top-column elementor-element elementor-element-a35cac5\" data-id=\"a35cac5\" data-element_type=\"column\">\n\t\t\t<div class=\"elementor-column-wrap elementor-element-populated\">\n\t\t\t\t\t\t\t<div class=\"elementor-widget-wrap\">\n\t\t\t\t\t\t<div class=\"elementor-element elementor-element-6bccef0 elementor-widget elementor-widget-spacer\" data-id=\"6bccef0\" data-element_type=\"widget\" data-widget_type=\"spacer.default\">\n\t\t\t\t<div class=\"elementor-widget-container\">\n\t\t\t\t\t<div class=\"elementor-spacer\">\n\t\t\t<div class=\"elementor-spacer-inner\"><\/div>\n\t\t<\/div>\n\t\t\t\t<\/div>\n\t\t\t\t<\/div>\n\t\t\t\t\t\t<\/div>\n\t\t\t\t\t<\/div>\n\t\t<\/div>\n\t\t\t\t\t\t\t\t<\/div>\n\t\t\t\t\t<\/div>\n\t\t<\/section>\n\t\t\t\t<section class=\"elementor-section elementor-top-section elementor-element elementor-element-cac9b56 elementor-section-boxed elementor-section-height-default elementor-section-height-default\" data-id=\"cac9b56\" data-element_type=\"section\">\n\t\t\t\t\t\t<div class=\"elementor-container elementor-column-gap-default\">\n\t\t\t\t\t\t\t<div class=\"elementor-row\">\n\t\t\t\t\t<div class=\"elementor-column elementor-col-33 elementor-top-column elementor-element elementor-element-b218b4f\" data-id=\"b218b4f\" data-element_type=\"column\">\n\t\t\t<div class=\"elementor-column-wrap\">\n\t\t\t\t\t\t\t<div class=\"elementor-widget-wrap\">\n\t\t\t\t\t\t\t\t<\/div>\n\t\t\t\t\t<\/div>\n\t\t<\/div>\n\t\t\t\t<div class=\"elementor-column elementor-col-33 elementor-top-column elementor-element elementor-element-e764fd3\" data-id=\"e764fd3\" data-element_type=\"column\">\n\t\t\t<div class=\"elementor-column-wrap elementor-element-populated\">\n\t\t\t\t\t\t\t<div class=\"elementor-widget-wrap\">\n\t\t\t\t\t\t<div class=\"elementor-element elementor-element-23714ee elementor-widget elementor-widget-text-editor\" data-id=\"23714ee\" data-element_type=\"widget\" data-widget_type=\"text-editor.default\">\n\t\t\t\t<div class=\"elementor-widget-container\">\n\t\t\t\t\t<div class=\"elementor-text-editor elementor-clearfix\"><p class=\"csc-firstHeader\"><strong>Therapieanfrage &amp; Termine<\/strong><\/p><p>Bitte senden Sie uns folgende Informationen zu, damit wir m\u00f6glichst schnell einen Ersttermin f\u00fcr Sie bzw. Ihr Kind vereinbaren k\u00f6nnen. Ihre Daten werden selbstverst\u00e4ndlich vertraulich und zuverl\u00e4ssig behandelt. Wir nutzen SSL um Ihre Daten sicher &amp; verschl\u00fcsselt an uns zu senden.\u00a0<\/p><\/div>\n\t\t\t\t<\/div>\n\t\t\t\t<\/div>\n\t\t\t\t\t\t<\/div>\n\t\t\t\t\t<\/div>\n\t\t<\/div>\n\t\t\t\t<div class=\"elementor-column elementor-col-33 elementor-top-column elementor-element elementor-element-4a35611\" data-id=\"4a35611\" data-element_type=\"column\">\n\t\t\t<div class=\"elementor-column-wrap\">\n\t\t\t\t\t\t\t<div class=\"elementor-widget-wrap\">\n\t\t\t\t\t\t\t\t<\/div>\n\t\t\t\t\t<\/div>\n\t\t<\/div>\n\t\t\t\t\t\t\t\t<\/div>\n\t\t\t\t\t<\/div>\n\t\t<\/section>\n\t\t\t\t<section class=\"elementor-section elementor-top-section elementor-element elementor-element-80cf897 elementor-section-boxed elementor-section-height-default elementor-section-height-default\" data-id=\"80cf897\" data-element_type=\"section\">\n\t\t\t\t\t\t<div class=\"elementor-container elementor-column-gap-default\">\n\t\t\t\t\t\t\t<div class=\"elementor-row\">\n\t\t\t\t\t<div class=\"elementor-column elementor-col-20 elementor-top-column elementor-element elementor-element-117aefc\" data-id=\"117aefc\" data-element_type=\"column\">\n\t\t\t<div class=\"elementor-column-wrap\">\n\t\t\t\t\t\t\t<div class=\"elementor-widget-wrap\">\n\t\t\t\t\t\t\t\t<\/div>\n\t\t\t\t\t<\/div>\n\t\t<\/div>\n\t\t\t\t<div class=\"elementor-column elementor-col-20 elementor-top-column elementor-element elementor-element-f00c34a\" data-id=\"f00c34a\" data-element_type=\"column\">\n\t\t\t<div class=\"elementor-column-wrap elementor-element-populated\">\n\t\t\t\t\t\t\t<div class=\"elementor-widget-wrap\">\n\t\t\t\t\t\t<div class=\"elementor-element elementor-element-69e91ff elementor-widget elementor-widget-shortcode\" data-id=\"69e91ff\" data-element_type=\"widget\" data-widget_type=\"shortcode.default\">\n\t\t\t\t<div class=\"elementor-widget-container\">\n\t\t\t\t\t<div class=\"elementor-shortcode\"><div role=\"form\" class=\"wpcf7\" id=\"wpcf7-f1062-o1\" lang=\"de-DE\" dir=\"ltr\">\n<div class=\"screen-reader-response\"><p role=\"status\" aria-live=\"polite\" aria-atomic=\"true\"><\/p> <ul><\/ul><\/div>\n<form action=\"\/index.php?rest_route=%2Fwp%2Fv2%2Fpages%2F653#wpcf7-f1062-o1\" method=\"post\" class=\"wpcf7-form init\" novalidate=\"novalidate\" data-status=\"init\">\n<div style=\"display: none;\">\n<input type=\"hidden\" name=\"_wpcf7\" value=\"1062\" \/>\n<input type=\"hidden\" name=\"_wpcf7_version\" value=\"5.4.1\" \/>\n<input type=\"hidden\" name=\"_wpcf7_locale\" value=\"de_DE\" \/>\n<input type=\"hidden\" name=\"_wpcf7_unit_tag\" value=\"wpcf7-f1062-o1\" \/>\n<input type=\"hidden\" name=\"_wpcf7_container_post\" value=\"0\" \/>\n<input type=\"hidden\" name=\"_wpcf7_posted_data_hash\" value=\"\" \/>\n<\/div>\n<p><label> Name (Pflichtfeld)<br \/>\n    <span class=\"wpcf7-form-control-wrap your-name\"><input type=\"text\" name=\"your-name\" value=\"\" size=\"40\" class=\"wpcf7-form-control wpcf7-text wpcf7-validates-as-required\" aria-required=\"true\" aria-invalid=\"false\" placeholder=\"Max Mustermann\" \/><\/span> <\/label><\/p>\n<p><label> Email (Pflichtfeld)<br \/>\n    <span class=\"wpcf7-form-control-wrap your-email\"><input type=\"email\" name=\"your-email\" value=\"\" size=\"40\" class=\"wpcf7-form-control wpcf7-text wpcf7-email wpcf7-validates-as-required wpcf7-validates-as-email\" aria-required=\"true\" aria-invalid=\"false\" placeholder=\"max.mustermann@gmx.at\" \/><\/span> <\/label><\/p>\n<p><label> Telefonnummer (Pflichtfeld)<br \/>\n    <span class=\"wpcf7-form-control-wrap telNr\"><input type=\"tel\" name=\"telNr\" value=\"\" size=\"40\" class=\"wpcf7-form-control wpcf7-text wpcf7-tel wpcf7-validates-as-required wpcf7-validates-as-tel awesomeTxtBox\" aria-required=\"true\" aria-invalid=\"false\" placeholder=\"+43 6776306083\" \/><\/span>  <\/label><\/p>\n<p><label> Terminwunsch (Pflichtfeld)<br \/>\n    <span class=\"wpcf7-form-control-wrap termin\"><input type=\"date\" name=\"termin\" value=\"\" class=\"wpcf7-form-control wpcf7-date wpcf7-validates-as-required wpcf7-validates-as-date awesomeTxtBox\" min=\"2026-05-12\" max=\"2026-06-12\" aria-required=\"true\" aria-invalid=\"false\" \/><\/span> <\/label><\/p>\n<p><label> Deine Nachricht (Optional)<br \/>\n    <span class=\"wpcf7-form-control-wrap your-message\"><textarea name=\"your-message\" cols=\"40\" rows=\"10\" class=\"wpcf7-form-control wpcf7-textarea\" aria-invalid=\"false\" placeholder=\"Was m\u00f6chten Sie uns gerne sagen...\"><\/textarea><\/span> <\/label><\/p>\n<p><input type=\"submit\" value=\"Absenden\" class=\"wpcf7-form-control wpcf7-submit\" \/><\/p>\n<div class=\"wpcf7-response-output\" aria-hidden=\"true\"><\/div><\/form><\/div><\/div>\n\t\t\t\t<\/div>\n\t\t\t\t<\/div>\n\t\t\t\t\t\t<\/div>\n\t\t\t\t\t<\/div>\n\t\t<\/div>\n\t\t\t\t<div class=\"elementor-column elementor-col-20 elementor-top-column elementor-element elementor-element-d49726f\" data-id=\"d49726f\" data-element_type=\"column\">\n\t\t\t<div class=\"elementor-column-wrap\">\n\t\t\t\t\t\t\t<div class=\"elementor-widget-wrap\">\n\t\t\t\t\t\t\t\t<\/div>\n\t\t\t\t\t<\/div>\n\t\t<\/div>\n\t\t\t\t<div class=\"elementor-column elementor-col-20 elementor-top-column elementor-element elementor-element-cd59459\" data-id=\"cd59459\" data-element_type=\"column\">\n\t\t\t<div class=\"elementor-column-wrap elementor-element-populated\">\n\t\t\t\t\t\t\t<div class=\"elementor-widget-wrap\">\n\t\t\t\t\t\t<section class=\"elementor-section elementor-inner-section elementor-element elementor-element-95b6b00 elementor-section-boxed elementor-section-height-default elementor-section-height-default\" data-id=\"95b6b00\" data-element_type=\"section\">\n\t\t\t\t\t\t<div class=\"elementor-container elementor-column-gap-default\">\n\t\t\t\t\t\t\t<div class=\"elementor-row\">\n\t\t\t\t\t<div class=\"elementor-column elementor-col-100 elementor-inner-column elementor-element elementor-element-5327ab9\" data-id=\"5327ab9\" data-element_type=\"column\">\n\t\t\t<div class=\"elementor-column-wrap elementor-element-populated\">\n\t\t\t\t\t\t\t<div class=\"elementor-widget-wrap\">\n\t\t\t\t\t\t<div class=\"elementor-element elementor-element-fad28e7 elementor-widget elementor-widget-image\" data-id=\"fad28e7\" data-element_type=\"widget\" data-widget_type=\"image.default\">\n\t\t\t\t<div class=\"elementor-widget-container\">\n\t\t\t\t\t<div class=\"elementor-image\">\n\t\t\t\t\t\t\t\t\t\t<img width=\"600\" height=\"800\" src=\"https:\/\/www.praxxiiis.at\/wp-content\/uploads\/2019\/03\/kontakt-tmp-01.png\" class=\"attachment-large size-large\" alt=\"\" loading=\"lazy\" srcset=\"https:\/\/www.praxxiiis.at\/wp-content\/uploads\/2019\/03\/kontakt-tmp-01.png 600w, https:\/\/www.praxxiiis.at\/wp-content\/uploads\/2019\/03\/kontakt-tmp-01-225x300.png 225w\" sizes=\"(max-width: 600px) 100vw, 600px\" \/>\t\t\t\t\t\t\t\t\t\t\t<\/div>\n\t\t\t\t<\/div>\n\t\t\t\t<\/div>\n\t\t\t\t\t\t<\/div>\n\t\t\t\t\t<\/div>\n\t\t<\/div>\n\t\t\t\t\t\t\t\t<\/div>\n\t\t\t\t\t<\/div>\n\t\t<\/section>\n\t\t\t\t\t\t<\/div>\n\t\t\t\t\t<\/div>\n\t\t<\/div>\n\t\t\t\t<div class=\"elementor-column elementor-col-20 elementor-top-column elementor-element elementor-element-33df074\" data-id=\"33df074\" data-element_type=\"column\">\n\t\t\t<div class=\"elementor-column-wrap\">\n\t\t\t\t\t\t\t<div class=\"elementor-widget-wrap\">\n\t\t\t\t\t\t\t\t<\/div>\n\t\t\t\t\t<\/div>\n\t\t<\/div>\n\t\t\t\t\t\t\t\t<\/div>\n\t\t\t\t\t<\/div>\n\t\t<\/section>\n\t\t\t\t<section class=\"elementor-section elementor-top-section elementor-element elementor-element-872a980 elementor-section-boxed elementor-section-height-default elementor-section-height-default\" data-id=\"872a980\" data-element_type=\"section\">\n\t\t\t\t\t\t<div class=\"elementor-container elementor-column-gap-default\">\n\t\t\t\t\t\t\t<div class=\"elementor-row\">\n\t\t\t\t\t<div class=\"elementor-column elementor-col-100 elementor-top-column elementor-element elementor-element-056dabf\" data-id=\"056dabf\" data-element_type=\"column\">\n\t\t\t<div class=\"elementor-column-wrap elementor-element-populated\">\n\t\t\t\t\t\t\t<div class=\"elementor-widget-wrap\">\n\t\t\t\t\t\t<div class=\"elementor-element elementor-element-69f9c1d elementor-widget elementor-widget-spacer\" data-id=\"69f9c1d\" data-element_type=\"widget\" data-widget_type=\"spacer.default\">\n\t\t\t\t<div class=\"elementor-widget-container\">\n\t\t\t\t\t<div class=\"elementor-spacer\">\n\t\t\t<div class=\"elementor-spacer-inner\"><\/div>\n\t\t<\/div>\n\t\t\t\t<\/div>\n\t\t\t\t<\/div>\n\t\t\t\t\t\t<\/div>\n\t\t\t\t\t<\/div>\n\t\t<\/div>\n\t\t\t\t\t\t\t\t<\/div>\n\t\t\t\t\t<\/div>\n\t\t<\/section>\n\t\t\t\t\t\t<\/div>\n\t\t\t\t\t\t<\/div>\n\t\t\t\t\t<\/div>\n\t\t","protected":false},"excerpt":{"rendered":"<p>Therapieanfrage &amp; Termine Bitte senden Sie uns folgende Informationen zu, damit wir m\u00f6glichst schnell einen Ersttermin f\u00fcr Sie bzw. Ihr Kind vereinbaren k\u00f6nnen. Ihre Daten werden selbstverst\u00e4ndlich vertraulich und zuverl\u00e4ssig behandelt. Wir nutzen SSL um Ihre Daten sicher &amp; verschl\u00fcsselt<\/p>\n","protected":false},"author":2,"featured_media":0,"parent":0,"menu_order":0,"comment_status":"closed","ping_status":"closed","template":"","meta":[],"yoast_head":"<!-- This site is optimized with the Yoast SEO plugin v15.5 - https:\/\/yoast.com\/wordpress\/plugins\/seo\/ -->\n<title>Kontakt - Praxxiiis<\/title>\n<meta name=\"robots\" content=\"index, follow, max-snippet:-1, max-image-preview:large, max-video-preview:-1\" \/>\n<link rel=\"canonical\" href=\"https:\/\/www.praxxiiis.at\/?page_id=653\" \/>\n<meta property=\"og:locale\" content=\"de_DE\" \/>\n<meta property=\"og:type\" content=\"article\" \/>\n<meta property=\"og:title\" content=\"Kontakt - Praxxiiis\" \/>\n<meta property=\"og:description\" content=\"Therapieanfrage &amp; Termine Bitte senden Sie uns folgende Informationen zu, damit wir m\u00f6glichst schnell einen Ersttermin f\u00fcr Sie bzw. Ihr Kind vereinbaren k\u00f6nnen. Ihre Daten werden selbstverst\u00e4ndlich vertraulich und zuverl\u00e4ssig behandelt. Wir nutzen SSL um Ihre Daten sicher &amp; verschl\u00fcsselt\" \/>\n<meta property=\"og:url\" content=\"https:\/\/www.praxxiiis.at\/?page_id=653\" \/>\n<meta property=\"og:site_name\" content=\"Praxxiiis\" \/>\n<meta property=\"article:modified_time\" content=\"2019-03-19T11:20:03+00:00\" \/>\n<meta property=\"og:image\" content=\"http:\/\/www.praxxiiis.at\/wp-content\/uploads\/2019\/03\/kontakt-tmp-01.png\" \/>\n<meta name=\"twitter:card\" content=\"summary_large_image\" \/>\n<meta name=\"twitter:label1\" content=\"Gesch\u00e4tzte Lesezeit\">\n\t<meta name=\"twitter:data1\" content=\"0\u00a0Minuten\">\n<script type=\"application\/ld+json\" class=\"yoast-schema-graph\">{\"@context\":\"https:\/\/schema.org\",\"@graph\":[{\"@type\":\"Organization\",\"@id\":\"https:\/\/www.praxxiiis.at\/#organization\",\"name\":\"Praxxiiis - Die Praxis an der Liesing\",\"url\":\"https:\/\/www.praxxiiis.at\/\",\"sameAs\":[],\"logo\":{\"@type\":\"ImageObject\",\"@id\":\"https:\/\/www.praxxiiis.at\/#logo\",\"inLanguage\":\"de\",\"url\":\"https:\/\/www.praxxiiis.at\/wp-content\/uploads\/2019\/03\/logo_praxxiiis_mit_schrift-07.png\",\"width\":599,\"height\":300,\"caption\":\"Praxxiiis - Die Praxis an der Liesing\"},\"image\":{\"@id\":\"https:\/\/www.praxxiiis.at\/#logo\"}},{\"@type\":\"WebSite\",\"@id\":\"https:\/\/www.praxxiiis.at\/#website\",\"url\":\"https:\/\/www.praxxiiis.at\/\",\"name\":\"Praxxiiis\",\"description\":\"Therapiezentrum an der Liesing\",\"publisher\":{\"@id\":\"https:\/\/www.praxxiiis.at\/#organization\"},\"potentialAction\":[{\"@type\":\"SearchAction\",\"target\":\"https:\/\/www.praxxiiis.at\/?s={search_term_string}\",\"query-input\":\"required name=search_term_string\"}],\"inLanguage\":\"de\"},{\"@type\":\"ImageObject\",\"@id\":\"https:\/\/www.praxxiiis.at\/?page_id=653#primaryimage\",\"inLanguage\":\"de\",\"url\":\"http:\/\/www.praxxiiis.at\/wp-content\/uploads\/2019\/03\/kontakt-tmp-01.png\"},{\"@type\":\"WebPage\",\"@id\":\"https:\/\/www.praxxiiis.at\/?page_id=653#webpage\",\"url\":\"https:\/\/www.praxxiiis.at\/?page_id=653\",\"name\":\"Kontakt - Praxxiiis\",\"isPartOf\":{\"@id\":\"https:\/\/www.praxxiiis.at\/#website\"},\"primaryImageOfPage\":{\"@id\":\"https:\/\/www.praxxiiis.at\/?page_id=653#primaryimage\"},\"datePublished\":\"2019-01-25T10:02:41+00:00\",\"dateModified\":\"2019-03-19T11:20:03+00:00\",\"inLanguage\":\"de\",\"potentialAction\":[{\"@type\":\"ReadAction\",\"target\":[\"https:\/\/www.praxxiiis.at\/?page_id=653\"]}]}]}<\/script>\n<!-- \/ Yoast SEO plugin. -->","_links":{"self":[{"href":"https:\/\/www.praxxiiis.at\/index.php?rest_route=\/wp\/v2\/pages\/653"}],"collection":[{"href":"https:\/\/www.praxxiiis.at\/index.php?rest_route=\/wp\/v2\/pages"}],"about":[{"href":"https:\/\/www.praxxiiis.at\/index.php?rest_route=\/wp\/v2\/types\/page"}],"author":[{"embeddable":true,"href":"https:\/\/www.praxxiiis.at\/index.php?rest_route=\/wp\/v2\/users\/2"}],"replies":[{"embeddable":true,"href":"https:\/\/www.praxxiiis.at\/index.php?rest_route=%2Fwp%2Fv2%2Fcomments&post=653"}],"version-history":[{"count":32,"href":"https:\/\/www.praxxiiis.at\/index.php?rest_route=\/wp\/v2\/pages\/653\/revisions"}],"predecessor-version":[{"id":1085,"href":"https:\/\/www.praxxiiis.at\/index.php?rest_route=\/wp\/v2\/pages\/653\/revisions\/1085"}],"wp:attachment":[{"href":"https:\/\/www.praxxiiis.at\/index.php?rest_route=%2Fwp%2Fv2%2Fmedia&parent=653"}],"curies":[{"name":"wp","href":"https:\/\/api.w.org\/{rel}","templated":true}]}}