{"id":603,"date":"2019-01-25T09:50:29","date_gmt":"2019-01-25T08:50:29","guid":{"rendered":"http:\/\/www.praxxiiis.at\/?page_id=603"},"modified":"2019-03-16T15:13:17","modified_gmt":"2019-03-16T14:13:17","slug":"ergotherapie","status":"publish","type":"page","link":"https:\/\/www.praxxiiis.at\/?page_id=603","title":{"rendered":"Ergotherapie"},"content":{"rendered":"\t\t<div data-elementor-type=\"wp-post\" data-elementor-id=\"603\" class=\"elementor elementor-603\" data-elementor-settings=\"[]\">\n\t\t\t\t\t\t<div class=\"elementor-inner\">\n\t\t\t\t\t\t\t<div class=\"elementor-section-wrap\">\n\t\t\t\t\t\t\t<section class=\"elementor-section elementor-top-section elementor-element elementor-element-c8a4b0f elementor-section-boxed elementor-section-height-default elementor-section-height-default\" data-id=\"c8a4b0f\" data-element_type=\"section\">\n\t\t\t\t\t\t<div class=\"elementor-container elementor-column-gap-default\">\n\t\t\t\t\t\t\t<div class=\"elementor-row\">\n\t\t\t\t\t<div class=\"elementor-column elementor-col-100 elementor-top-column elementor-element elementor-element-161f5ce\" data-id=\"161f5ce\" data-element_type=\"column\">\n\t\t\t<div class=\"elementor-column-wrap elementor-element-populated\">\n\t\t\t\t\t\t\t<div class=\"elementor-widget-wrap\">\n\t\t\t\t\t\t<div class=\"elementor-element elementor-element-63902cb elementor-widget elementor-widget-spacer\" data-id=\"63902cb\" data-element_type=\"widget\" data-widget_type=\"spacer.default\">\n\t\t\t\t<div class=\"elementor-widget-container\">\n\t\t\t\t\t<div class=\"elementor-spacer\">\n\t\t\t<div class=\"elementor-spacer-inner\"><\/div>\n\t\t<\/div>\n\t\t\t\t<\/div>\n\t\t\t\t<\/div>\n\t\t\t\t\t\t<\/div>\n\t\t\t\t\t<\/div>\n\t\t<\/div>\n\t\t\t\t\t\t\t\t<\/div>\n\t\t\t\t\t<\/div>\n\t\t<\/section>\n\t\t\t\t<section class=\"elementor-section elementor-top-section elementor-element elementor-element-ca27d9e elementor-section-boxed elementor-section-height-default elementor-section-height-default\" data-id=\"ca27d9e\" data-element_type=\"section\">\n\t\t\t\t\t\t<div class=\"elementor-container elementor-column-gap-default\">\n\t\t\t\t\t\t\t<div class=\"elementor-row\">\n\t\t\t\t\t<div class=\"elementor-column elementor-col-33 elementor-top-column elementor-element elementor-element-4caff79\" data-id=\"4caff79\" data-element_type=\"column\">\n\t\t\t<div class=\"elementor-column-wrap\">\n\t\t\t\t\t\t\t<div class=\"elementor-widget-wrap\">\n\t\t\t\t\t\t\t\t<\/div>\n\t\t\t\t\t<\/div>\n\t\t<\/div>\n\t\t\t\t<div class=\"elementor-column elementor-col-33 elementor-top-column elementor-element elementor-element-1f1f658\" data-id=\"1f1f658\" data-element_type=\"column\">\n\t\t\t<div class=\"elementor-column-wrap elementor-element-populated\">\n\t\t\t\t\t\t\t<div class=\"elementor-widget-wrap\">\n\t\t\t\t\t\t<div class=\"elementor-element elementor-element-cd8d6bd elementor-widget elementor-widget-text-editor\" data-id=\"cd8d6bd\" data-element_type=\"widget\" data-widget_type=\"text-editor.default\">\n\t\t\t\t<div class=\"elementor-widget-container\">\n\t\t\t\t\t<div class=\"elementor-text-editor elementor-clearfix\"><p class=\"MsoNormal\"><strong>Was ist Ergotherapie?<\/strong><\/p><p>Ergotherapie geht davon aus, dass Aktiv-Sein eine heilende Wirkung hat. Menschen wollen in ihrem Alltag, handlungsf\u00e4hig und selbst\u00e4ndig sein, um bedeutungsvolle Bet\u00e4tigungen auszu\u00fcben. Dabei unterst\u00fctzt die Ergotherapie.<\/p><p>Die Angebote der Ergotherapie richten sich gleicherma\u00dfen an Kinder, Jugendliche und Erwachsene.\u00a0 F\u00fcr all jene, die aufgrund einer Krankheit, Verletzung oder Behinderung Schwierigkeiten in ihrem t\u00e4glichen Leben bzw. bei der Ausf\u00fchrung von Aktivit\u00e4ten haben.<\/p><\/div>\n\t\t\t\t<\/div>\n\t\t\t\t<\/div>\n\t\t\t\t\t\t<\/div>\n\t\t\t\t\t<\/div>\n\t\t<\/div>\n\t\t\t\t<div class=\"elementor-column elementor-col-33 elementor-top-column elementor-element elementor-element-13fefda\" data-id=\"13fefda\" data-element_type=\"column\">\n\t\t\t<div class=\"elementor-column-wrap\">\n\t\t\t\t\t\t\t<div class=\"elementor-widget-wrap\">\n\t\t\t\t\t\t\t\t<\/div>\n\t\t\t\t\t<\/div>\n\t\t<\/div>\n\t\t\t\t\t\t\t\t<\/div>\n\t\t\t\t\t<\/div>\n\t\t<\/section>\n\t\t\t\t<section class=\"elementor-section elementor-top-section elementor-element elementor-element-598db5a elementor-section-boxed elementor-section-height-default elementor-section-height-default\" data-id=\"598db5a\" data-element_type=\"section\">\n\t\t\t\t\t\t<div class=\"elementor-container elementor-column-gap-default\">\n\t\t\t\t\t\t\t<div class=\"elementor-row\">\n\t\t\t\t\t<div class=\"elementor-column elementor-col-100 elementor-top-column elementor-element elementor-element-781a591\" data-id=\"781a591\" data-element_type=\"column\">\n\t\t\t<div class=\"elementor-column-wrap elementor-element-populated\">\n\t\t\t\t\t\t\t<div class=\"elementor-widget-wrap\">\n\t\t\t\t\t\t<div class=\"elementor-element elementor-element-6a37fa9 elementor-widget elementor-widget-spacer\" data-id=\"6a37fa9\" data-element_type=\"widget\" data-widget_type=\"spacer.default\">\n\t\t\t\t<div class=\"elementor-widget-container\">\n\t\t\t\t\t<div class=\"elementor-spacer\">\n\t\t\t<div class=\"elementor-spacer-inner\"><\/div>\n\t\t<\/div>\n\t\t\t\t<\/div>\n\t\t\t\t<\/div>\n\t\t\t\t\t\t<\/div>\n\t\t\t\t\t<\/div>\n\t\t<\/div>\n\t\t\t\t\t\t\t\t<\/div>\n\t\t\t\t\t<\/div>\n\t\t<\/section>\n\t\t\t\t<section class=\"elementor-section elementor-top-section elementor-element elementor-element-97cd8f1 elementor-section-boxed elementor-section-height-default elementor-section-height-default\" data-id=\"97cd8f1\" data-element_type=\"section\">\n\t\t\t\t\t\t<div class=\"elementor-container elementor-column-gap-default\">\n\t\t\t\t\t\t\t<div class=\"elementor-row\">\n\t\t\t\t\t<div class=\"elementor-column elementor-col-25 elementor-top-column elementor-element elementor-element-4ea91fb\" data-id=\"4ea91fb\" data-element_type=\"column\">\n\t\t\t<div class=\"elementor-column-wrap\">\n\t\t\t\t\t\t\t<div class=\"elementor-widget-wrap\">\n\t\t\t\t\t\t\t\t<\/div>\n\t\t\t\t\t<\/div>\n\t\t<\/div>\n\t\t\t\t<div class=\"elementor-column elementor-col-25 elementor-top-column elementor-element elementor-element-bc8a28c\" data-id=\"bc8a28c\" data-element_type=\"column\">\n\t\t\t<div class=\"elementor-column-wrap elementor-element-populated\">\n\t\t\t\t\t\t\t<div class=\"elementor-widget-wrap\">\n\t\t\t\t\t\t<div class=\"elementor-element elementor-element-50200b4 animated-slow elementor-position-top elementor-vertical-align-top elementor-invisible elementor-widget elementor-widget-image-box\" data-id=\"50200b4\" data-element_type=\"widget\" data-settings=\"{&quot;_animation&quot;:&quot;fadeIn&quot;}\" data-widget_type=\"image-box.default\">\n\t\t\t\t<div class=\"elementor-widget-container\">\n\t\t\t<div class=\"elementor-image-box-wrapper\"><figure class=\"elementor-image-box-img\"><a href=\"https:\/\/www.praxxiiis.at\/?page_id=606\"><img src=\"http:\/\/www.praxxiiis.at\/wp-content\/uploads\/2019\/03\/ergo-kind-tmp.jpg\" title=\"\" alt=\"\" \/><\/a><\/figure><div class=\"elementor-image-box-content\"><h6 class=\"elementor-image-box-title\"><a href=\"https:\/\/www.praxxiiis.at\/?page_id=606\">Ergotherapie bei Kindern & Jugendlichen<\/a><\/h6><\/div><\/div>\t\t<\/div>\n\t\t\t\t<\/div>\n\t\t\t\t\t\t<\/div>\n\t\t\t\t\t<\/div>\n\t\t<\/div>\n\t\t\t\t<div class=\"elementor-column elementor-col-25 elementor-top-column elementor-element elementor-element-81e876d\" data-id=\"81e876d\" data-element_type=\"column\">\n\t\t\t<div class=\"elementor-column-wrap elementor-element-populated\">\n\t\t\t\t\t\t\t<div class=\"elementor-widget-wrap\">\n\t\t\t\t\t\t<div class=\"elementor-element elementor-element-40cd2b2 animated-slow elementor-position-top elementor-vertical-align-top elementor-invisible elementor-widget elementor-widget-image-box\" data-id=\"40cd2b2\" data-element_type=\"widget\" data-settings=\"{&quot;_animation&quot;:&quot;fadeIn&quot;}\" data-widget_type=\"image-box.default\">\n\t\t\t\t<div class=\"elementor-widget-container\">\n\t\t\t<div class=\"elementor-image-box-wrapper\"><figure class=\"elementor-image-box-img\"><a href=\"https:\/\/www.praxxiiis.at\/?page_id=608\"><img src=\"http:\/\/www.praxxiiis.at\/wp-content\/uploads\/2019\/03\/ergo-erwachsen-tmp.jpg\" title=\"\" alt=\"\" \/><\/a><\/figure><div class=\"elementor-image-box-content\"><h6 class=\"elementor-image-box-title\"><a href=\"https:\/\/www.praxxiiis.at\/?page_id=608\">Ergotherapie bei Erwachsenen<\/a><\/h6><\/div><\/div>\t\t<\/div>\n\t\t\t\t<\/div>\n\t\t\t\t\t\t<\/div>\n\t\t\t\t\t<\/div>\n\t\t<\/div>\n\t\t\t\t<div class=\"elementor-column elementor-col-25 elementor-top-column elementor-element elementor-element-3c2f1bf\" data-id=\"3c2f1bf\" data-element_type=\"column\">\n\t\t\t<div class=\"elementor-column-wrap\">\n\t\t\t\t\t\t\t<div class=\"elementor-widget-wrap\">\n\t\t\t\t\t\t\t\t<\/div>\n\t\t\t\t\t<\/div>\n\t\t<\/div>\n\t\t\t\t\t\t\t\t<\/div>\n\t\t\t\t\t<\/div>\n\t\t<\/section>\n\t\t\t\t<section class=\"elementor-section elementor-top-section elementor-element elementor-element-be42658 elementor-section-boxed elementor-section-height-default elementor-section-height-default\" data-id=\"be42658\" data-element_type=\"section\">\n\t\t\t\t\t\t<div class=\"elementor-container elementor-column-gap-default\">\n\t\t\t\t\t\t\t<div class=\"elementor-row\">\n\t\t\t\t\t<div class=\"elementor-column elementor-col-100 elementor-top-column elementor-element elementor-element-0699805\" data-id=\"0699805\" data-element_type=\"column\">\n\t\t\t<div class=\"elementor-column-wrap elementor-element-populated\">\n\t\t\t\t\t\t\t<div class=\"elementor-widget-wrap\">\n\t\t\t\t\t\t<div class=\"elementor-element elementor-element-39ee421 elementor-widget elementor-widget-spacer\" data-id=\"39ee421\" data-element_type=\"widget\" data-widget_type=\"spacer.default\">\n\t\t\t\t<div class=\"elementor-widget-container\">\n\t\t\t\t\t<div class=\"elementor-spacer\">\n\t\t\t<div class=\"elementor-spacer-inner\"><\/div>\n\t\t<\/div>\n\t\t\t\t<\/div>\n\t\t\t\t<\/div>\n\t\t\t\t\t\t<\/div>\n\t\t\t\t\t<\/div>\n\t\t<\/div>\n\t\t\t\t\t\t\t\t<\/div>\n\t\t\t\t\t<\/div>\n\t\t<\/section>\n\t\t\t\t<section class=\"elementor-section elementor-top-section elementor-element elementor-element-db634e1 elementor-section-boxed elementor-section-height-default elementor-section-height-default\" data-id=\"db634e1\" data-element_type=\"section\">\n\t\t\t\t\t\t<div class=\"elementor-container elementor-column-gap-default\">\n\t\t\t\t\t\t\t<div class=\"elementor-row\">\n\t\t\t\t\t<div class=\"elementor-column elementor-col-33 elementor-top-column elementor-element elementor-element-fa70ca5\" data-id=\"fa70ca5\" data-element_type=\"column\">\n\t\t\t<div class=\"elementor-column-wrap\">\n\t\t\t\t\t\t\t<div class=\"elementor-widget-wrap\">\n\t\t\t\t\t\t\t\t<\/div>\n\t\t\t\t\t<\/div>\n\t\t<\/div>\n\t\t\t\t<div class=\"elementor-column elementor-col-33 elementor-top-column elementor-element elementor-element-279e714\" data-id=\"279e714\" data-element_type=\"column\">\n\t\t\t<div class=\"elementor-column-wrap elementor-element-populated\">\n\t\t\t\t\t\t\t<div class=\"elementor-widget-wrap\">\n\t\t\t\t\t\t<div class=\"elementor-element elementor-element-ab9822e elementor-widget elementor-widget-text-editor\" data-id=\"ab9822e\" data-element_type=\"widget\" data-widget_type=\"text-editor.default\">\n\t\t\t\t<div class=\"elementor-widget-container\">\n\t\t\t\t\t<div class=\"elementor-text-editor elementor-clearfix\"><p><strong>Ein Beispiel!<\/strong><\/p><p>In einer psychiatrischen Klinik im 19. Jahrhundert konnte man folgendes beobachten: dass PatientInnen schneller gesund wurden, wenn sie w\u00e4hrend ihres Klinikaufenthalts regelm\u00e4\u00dfig einer T\u00e4tigkeit nachgingen. Die Mehrheit der PatientInnen tat dies, um ihren Aufenthalt in der Klinik finanzieren zu k\u00f6nnen.<\/p><p>Davon leitet sich eine zentrale ergotherapeutische Annahme ab n\u00e4mlich, dass <strong>sinnvolle<\/strong> und <strong>individuelle Bet\u00e4tigungen<\/strong> im Rahmen eines ausgewogenen strukturierten Tagesablaufs zur Gesundung beitragen.<\/p><\/div>\n\t\t\t\t<\/div>\n\t\t\t\t<\/div>\n\t\t\t\t\t\t<\/div>\n\t\t\t\t\t<\/div>\n\t\t<\/div>\n\t\t\t\t<div class=\"elementor-column elementor-col-33 elementor-top-column elementor-element elementor-element-7cd50ad\" data-id=\"7cd50ad\" data-element_type=\"column\">\n\t\t\t<div class=\"elementor-column-wrap\">\n\t\t\t\t\t\t\t<div class=\"elementor-widget-wrap\">\n\t\t\t\t\t\t\t\t<\/div>\n\t\t\t\t\t<\/div>\n\t\t<\/div>\n\t\t\t\t\t\t\t\t<\/div>\n\t\t\t\t\t<\/div>\n\t\t<\/section>\n\t\t\t\t<section class=\"elementor-section elementor-top-section elementor-element elementor-element-eff681b elementor-section-boxed elementor-section-height-default elementor-section-height-default\" data-id=\"eff681b\" data-element_type=\"section\">\n\t\t\t\t\t\t<div class=\"elementor-container elementor-column-gap-default\">\n\t\t\t\t\t\t\t<div class=\"elementor-row\">\n\t\t\t\t\t<div class=\"elementor-column elementor-col-100 elementor-top-column elementor-element elementor-element-ec3470b\" data-id=\"ec3470b\" data-element_type=\"column\">\n\t\t\t<div class=\"elementor-column-wrap elementor-element-populated\">\n\t\t\t\t\t\t\t<div class=\"elementor-widget-wrap\">\n\t\t\t\t\t\t<div class=\"elementor-element elementor-element-dcf703b elementor-widget elementor-widget-spacer\" data-id=\"dcf703b\" data-element_type=\"widget\" data-widget_type=\"spacer.default\">\n\t\t\t\t<div class=\"elementor-widget-container\">\n\t\t\t\t\t<div class=\"elementor-spacer\">\n\t\t\t<div class=\"elementor-spacer-inner\"><\/div>\n\t\t<\/div>\n\t\t\t\t<\/div>\n\t\t\t\t<\/div>\n\t\t\t\t\t\t<\/div>\n\t\t\t\t\t<\/div>\n\t\t<\/div>\n\t\t\t\t\t\t\t\t<\/div>\n\t\t\t\t\t<\/div>\n\t\t<\/section>\n\t\t\t\t\t\t<\/div>\n\t\t\t\t\t\t<\/div>\n\t\t\t\t\t<\/div>\n\t\t","protected":false},"excerpt":{"rendered":"<p>Was ist Ergotherapie? Ergotherapie geht davon aus, dass Aktiv-Sein eine heilende Wirkung hat. Menschen wollen in ihrem Alltag, handlungsf\u00e4hig und selbst\u00e4ndig sein, um bedeutungsvolle Bet\u00e4tigungen auszu\u00fcben. Dabei unterst\u00fctzt die Ergotherapie. Die Angebote der Ergotherapie richten sich gleicherma\u00dfen an Kinder, Jugendliche<\/p>\n","protected":false},"author":2,"featured_media":0,"parent":0,"menu_order":0,"comment_status":"closed","ping_status":"closed","template":"","meta":[],"yoast_head":"<!-- This site is optimized with the Yoast SEO plugin v15.5 - https:\/\/yoast.com\/wordpress\/plugins\/seo\/ -->\n<title>Ergotherapie - Praxxiiis<\/title>\n<meta name=\"robots\" content=\"index, follow, max-snippet:-1, max-image-preview:large, max-video-preview:-1\" \/>\n<link rel=\"canonical\" href=\"https:\/\/www.praxxiiis.at\/?page_id=603\" \/>\n<meta property=\"og:locale\" content=\"de_DE\" \/>\n<meta property=\"og:type\" content=\"article\" \/>\n<meta property=\"og:title\" content=\"Ergotherapie - Praxxiiis\" \/>\n<meta property=\"og:description\" content=\"Was ist Ergotherapie? Ergotherapie geht davon aus, dass Aktiv-Sein eine heilende Wirkung hat. Menschen wollen in ihrem Alltag, handlungsf\u00e4hig und selbst\u00e4ndig sein, um bedeutungsvolle Bet\u00e4tigungen auszu\u00fcben. Dabei unterst\u00fctzt die Ergotherapie. Die Angebote der Ergotherapie richten sich gleicherma\u00dfen an Kinder, Jugendliche\" \/>\n<meta property=\"og:url\" content=\"https:\/\/www.praxxiiis.at\/?page_id=603\" \/>\n<meta property=\"og:site_name\" content=\"Praxxiiis\" \/>\n<meta property=\"article:modified_time\" content=\"2019-03-16T14:13:17+00:00\" \/>\n<meta property=\"og:image\" content=\"http:\/\/www.praxxiiis.at\/wp-content\/uploads\/2019\/03\/ergo-kind-tmp-642x300.jpg\" \/>\n<meta name=\"twitter:card\" content=\"summary_large_image\" \/>\n<meta name=\"twitter:label1\" content=\"Gesch\u00e4tzte Lesezeit\">\n\t<meta name=\"twitter:data1\" content=\"1\u00a0Minute\">\n<script type=\"application\/ld+json\" class=\"yoast-schema-graph\">{\"@context\":\"https:\/\/schema.org\",\"@graph\":[{\"@type\":\"Organization\",\"@id\":\"https:\/\/www.praxxiiis.at\/#organization\",\"name\":\"Praxxiiis - Die Praxis an der Liesing\",\"url\":\"https:\/\/www.praxxiiis.at\/\",\"sameAs\":[],\"logo\":{\"@type\":\"ImageObject\",\"@id\":\"https:\/\/www.praxxiiis.at\/#logo\",\"inLanguage\":\"de\",\"url\":\"https:\/\/www.praxxiiis.at\/wp-content\/uploads\/2019\/03\/logo_praxxiiis_mit_schrift-07.png\",\"width\":599,\"height\":300,\"caption\":\"Praxxiiis - Die Praxis an der Liesing\"},\"image\":{\"@id\":\"https:\/\/www.praxxiiis.at\/#logo\"}},{\"@type\":\"WebSite\",\"@id\":\"https:\/\/www.praxxiiis.at\/#website\",\"url\":\"https:\/\/www.praxxiiis.at\/\",\"name\":\"Praxxiiis\",\"description\":\"Therapiezentrum an der Liesing\",\"publisher\":{\"@id\":\"https:\/\/www.praxxiiis.at\/#organization\"},\"potentialAction\":[{\"@type\":\"SearchAction\",\"target\":\"https:\/\/www.praxxiiis.at\/?s={search_term_string}\",\"query-input\":\"required name=search_term_string\"}],\"inLanguage\":\"de\"},{\"@type\":\"ImageObject\",\"@id\":\"https:\/\/www.praxxiiis.at\/?page_id=603#primaryimage\",\"inLanguage\":\"de\",\"url\":\"http:\/\/www.praxxiiis.at\/wp-content\/uploads\/2019\/03\/ergo-kind-tmp-642x300.jpg\"},{\"@type\":\"WebPage\",\"@id\":\"https:\/\/www.praxxiiis.at\/?page_id=603#webpage\",\"url\":\"https:\/\/www.praxxiiis.at\/?page_id=603\",\"name\":\"Ergotherapie - Praxxiiis\",\"isPartOf\":{\"@id\":\"https:\/\/www.praxxiiis.at\/#website\"},\"primaryImageOfPage\":{\"@id\":\"https:\/\/www.praxxiiis.at\/?page_id=603#primaryimage\"},\"datePublished\":\"2019-01-25T08:50:29+00:00\",\"dateModified\":\"2019-03-16T14:13:17+00:00\",\"inLanguage\":\"de\",\"potentialAction\":[{\"@type\":\"ReadAction\",\"target\":[\"https:\/\/www.praxxiiis.at\/?page_id=603\"]}]}]}<\/script>\n<!-- \/ Yoast SEO plugin. -->","_links":{"self":[{"href":"https:\/\/www.praxxiiis.at\/index.php?rest_route=\/wp\/v2\/pages\/603"}],"collection":[{"href":"https:\/\/www.praxxiiis.at\/index.php?rest_route=\/wp\/v2\/pages"}],"about":[{"href":"https:\/\/www.praxxiiis.at\/index.php?rest_route=\/wp\/v2\/types\/page"}],"author":[{"embeddable":true,"href":"https:\/\/www.praxxiiis.at\/index.php?rest_route=\/wp\/v2\/users\/2"}],"replies":[{"embeddable":true,"href":"https:\/\/www.praxxiiis.at\/index.php?rest_route=%2Fwp%2Fv2%2Fcomments&post=603"}],"version-history":[{"count":20,"href":"https:\/\/www.praxxiiis.at\/index.php?rest_route=\/wp\/v2\/pages\/603\/revisions"}],"predecessor-version":[{"id":1021,"href":"https:\/\/www.praxxiiis.at\/index.php?rest_route=\/wp\/v2\/pages\/603\/revisions\/1021"}],"wp:attachment":[{"href":"https:\/\/www.praxxiiis.at\/index.php?rest_route=%2Fwp%2Fv2%2Fmedia&parent=603"}],"curies":[{"name":"wp","href":"https:\/\/api.w.org\/{rel}","templated":true}]}}