{"id":485,"date":"2019-01-24T09:24:59","date_gmt":"2019-01-24T08:24:59","guid":{"rendered":"http:\/\/www.praxxiiis.at\/?page_id=485"},"modified":"2019-06-30T18:41:09","modified_gmt":"2019-06-30T16:41:09","slug":"impressum","status":"publish","type":"page","link":"https:\/\/www.praxxiiis.at\/?page_id=485","title":{"rendered":"Impressum"},"content":{"rendered":"\t\t<div data-elementor-type=\"wp-post\" data-elementor-id=\"485\" class=\"elementor elementor-485\" data-elementor-settings=\"[]\">\n\t\t\t\t\t\t<div class=\"elementor-inner\">\n\t\t\t\t\t\t\t<div class=\"elementor-section-wrap\">\n\t\t\t\t\t\t\t<section class=\"elementor-section elementor-top-section elementor-element elementor-element-0483dc9 elementor-section-boxed elementor-section-height-default elementor-section-height-default\" data-id=\"0483dc9\" data-element_type=\"section\">\n\t\t\t\t\t\t<div class=\"elementor-container elementor-column-gap-default\">\n\t\t\t\t\t\t\t<div class=\"elementor-row\">\n\t\t\t\t\t<div class=\"elementor-column elementor-col-100 elementor-top-column elementor-element elementor-element-c4245c8\" data-id=\"c4245c8\" data-element_type=\"column\">\n\t\t\t<div class=\"elementor-column-wrap elementor-element-populated\">\n\t\t\t\t\t\t\t<div class=\"elementor-widget-wrap\">\n\t\t\t\t\t\t<div class=\"elementor-element elementor-element-49d2d51 elementor-widget elementor-widget-spacer\" data-id=\"49d2d51\" data-element_type=\"widget\" data-widget_type=\"spacer.default\">\n\t\t\t\t<div class=\"elementor-widget-container\">\n\t\t\t\t\t<div class=\"elementor-spacer\">\n\t\t\t<div class=\"elementor-spacer-inner\"><\/div>\n\t\t<\/div>\n\t\t\t\t<\/div>\n\t\t\t\t<\/div>\n\t\t\t\t\t\t<\/div>\n\t\t\t\t\t<\/div>\n\t\t<\/div>\n\t\t\t\t\t\t\t\t<\/div>\n\t\t\t\t\t<\/div>\n\t\t<\/section>\n\t\t\t\t<section class=\"elementor-section elementor-top-section elementor-element elementor-element-649ebc1 elementor-section-boxed elementor-section-height-default elementor-section-height-default\" data-id=\"649ebc1\" data-element_type=\"section\">\n\t\t\t\t\t\t<div class=\"elementor-container elementor-column-gap-default\">\n\t\t\t\t\t\t\t<div class=\"elementor-row\">\n\t\t\t\t\t<div class=\"elementor-column elementor-col-33 elementor-top-column elementor-element elementor-element-119b608\" data-id=\"119b608\" data-element_type=\"column\">\n\t\t\t<div class=\"elementor-column-wrap\">\n\t\t\t\t\t\t\t<div class=\"elementor-widget-wrap\">\n\t\t\t\t\t\t\t\t<\/div>\n\t\t\t\t\t<\/div>\n\t\t<\/div>\n\t\t\t\t<div class=\"elementor-column elementor-col-33 elementor-top-column elementor-element elementor-element-2288c21\" data-id=\"2288c21\" data-element_type=\"column\">\n\t\t\t<div class=\"elementor-column-wrap elementor-element-populated\">\n\t\t\t\t\t\t\t<div class=\"elementor-widget-wrap\">\n\t\t\t\t\t\t<div class=\"elementor-element elementor-element-f14d7d6 elementor-widget elementor-widget-text-editor\" data-id=\"f14d7d6\" data-element_type=\"widget\" data-widget_type=\"text-editor.default\">\n\t\t\t\t<div class=\"elementor-widget-container\">\n\t\t\t\t\t<div class=\"elementor-text-editor elementor-clearfix\"><p><strong>Impressum<\/strong><\/p><p><strong>Medieninhaberin<\/strong><br \/>Yvonne Pachschw\u00f6ll (<a href=\"mailto:y.pachschwoell@praxxiiis.at\">y.pachschwoell@praxxiiis.at<\/a>)<\/p><p>Praxxiiis, Therapiezentrum an der Liesing<br \/>Puccinigasse 21\/0, 1230 Wien<\/p><p><strong>Unternehmensgegenstand:<\/strong> Therapiezentrum<\/p><p><strong>Tel.:<\/strong> <a href=\"tel:004367763060830\">+43 (0) 677 630 608 30<\/a><br \/><strong>E-Mail:<\/strong> <a href=\"mailto:office@praxxiiis.at\">office@praxxiiis.at<\/a><\/p><p><strong>Aufsichtsbeh\u00f6rde\/Gewerbebeh\u00f6rde:<\/strong> Bezirkshauptmannschaft Wien<br \/><strong>Berufsbezeichnung:<\/strong> Therapeut<br \/><strong>Verleihungsstaat:<\/strong> \u00d6sterreich<\/p><p><strong>F\u00fcr Inhalte, Texte und Fotos verantwortlich:<\/strong> Yvonne Pachschw\u00f6ll<\/p><p><strong>F\u00fcr die Designanpassungen verantwortlich:<\/strong>\u00a0<a href=\"https:\/\/www.hightechnix.at\/\">HiGHTECHNiX<\/a><\/p><p><br \/><strong>Bildernachweis<\/strong><\/p><p>Die Bilder, Fotos und Grafiken auf dieser Webseite sind urheberrechtlich gesch\u00fctzt.<\/p><p>Die Bilderrechte liegen bei den folgenden Fotografen und Unternehmen:\u00a0<a href=\"http:\/\/www.ladybugpictures.at\/\">ladybugpictures<\/a><\/p><p><br \/>Wenn Sie per E-Mail Kontakt mit uns aufnehmen, werden Ihre angegebenen Daten zwecks Bearbeitung Ihrer Anfrage und f\u00fcr den Fall von Anschlussfragen gespeichert. Sollte nach Kontaktaufnahme per Telefon oder Email kein Erstordinationstermin zustande kommen oder wenn Sie Ihren Ersttermin bei uns absagen und keinen neuen Termin vereinbaren, werden Ihre Daten umgehend gel\u00f6scht. Ihre Kontaktdaten geben wir nicht ohne Ihre Einwilligung weiter.<\/p><p>Die Nutzung der auf dieser Website ver\u00f6ffentlichten Kontaktdaten (Adresse, Telefonnummer, E-Mail Adressen) durch Dritte zur \u00dcbersendung von nicht ausdr\u00fccklich angeforderten Informationen, ist nicht gestattet. Rechtliche Schritte gegen die Versender von unaufgeforderten Werbezuschriften und Telefonate, Spam-Mails und bei allen weiteren Verst\u00f6ssen gegen dieses Verbot sind ausdr\u00fccklich vorbehalten.<br \/><br \/><\/p><\/div>\n\t\t\t\t<\/div>\n\t\t\t\t<\/div>\n\t\t\t\t\t\t<\/div>\n\t\t\t\t\t<\/div>\n\t\t<\/div>\n\t\t\t\t<div class=\"elementor-column elementor-col-33 elementor-top-column elementor-element elementor-element-00ff276\" data-id=\"00ff276\" data-element_type=\"column\">\n\t\t\t<div class=\"elementor-column-wrap\">\n\t\t\t\t\t\t\t<div class=\"elementor-widget-wrap\">\n\t\t\t\t\t\t\t\t<\/div>\n\t\t\t\t\t<\/div>\n\t\t<\/div>\n\t\t\t\t\t\t\t\t<\/div>\n\t\t\t\t\t<\/div>\n\t\t<\/section>\n\t\t\t\t<section class=\"elementor-section elementor-top-section elementor-element elementor-element-f60af01 elementor-section-boxed elementor-section-height-default elementor-section-height-default\" data-id=\"f60af01\" data-element_type=\"section\">\n\t\t\t\t\t\t<div class=\"elementor-container elementor-column-gap-default\">\n\t\t\t\t\t\t\t<div class=\"elementor-row\">\n\t\t\t\t\t<div class=\"elementor-column elementor-col-100 elementor-top-column elementor-element elementor-element-3ae1586\" data-id=\"3ae1586\" data-element_type=\"column\">\n\t\t\t<div class=\"elementor-column-wrap elementor-element-populated\">\n\t\t\t\t\t\t\t<div class=\"elementor-widget-wrap\">\n\t\t\t\t\t\t<div class=\"elementor-element elementor-element-d701723 elementor-widget elementor-widget-spacer\" data-id=\"d701723\" data-element_type=\"widget\" data-widget_type=\"spacer.default\">\n\t\t\t\t<div class=\"elementor-widget-container\">\n\t\t\t\t\t<div class=\"elementor-spacer\">\n\t\t\t<div class=\"elementor-spacer-inner\"><\/div>\n\t\t<\/div>\n\t\t\t\t<\/div>\n\t\t\t\t<\/div>\n\t\t\t\t\t\t<\/div>\n\t\t\t\t\t<\/div>\n\t\t<\/div>\n\t\t\t\t\t\t\t\t<\/div>\n\t\t\t\t\t<\/div>\n\t\t<\/section>\n\t\t\t\t\t\t<\/div>\n\t\t\t\t\t\t<\/div>\n\t\t\t\t\t<\/div>\n\t\t","protected":false},"excerpt":{"rendered":"<p>Impressum MedieninhaberinYvonne Pachschw\u00f6ll (y.pachschwoell@praxxiiis.at) Praxxiiis, Therapiezentrum an der LiesingPuccinigasse 21\/0, 1230 Wien Unternehmensgegenstand: Therapiezentrum Tel.: +43 (0) 677 630 608 30E-Mail: office@praxxiiis.at Aufsichtsbeh\u00f6rde\/Gewerbebeh\u00f6rde: Bezirkshauptmannschaft WienBerufsbezeichnung: TherapeutVerleihungsstaat: \u00d6sterreich F\u00fcr Inhalte, Texte und Fotos verantwortlich: Yvonne Pachschw\u00f6ll F\u00fcr die Designanpassungen verantwortlich:\u00a0HiGHTECHNiX Bildernachweis<\/p>\n","protected":false},"author":2,"featured_media":0,"parent":0,"menu_order":0,"comment_status":"closed","ping_status":"closed","template":"","meta":[],"yoast_head":"<!-- This site is optimized with the Yoast SEO plugin v15.5 - https:\/\/yoast.com\/wordpress\/plugins\/seo\/ -->\n<title>Impressum - Praxxiiis<\/title>\n<meta name=\"robots\" content=\"index, follow, max-snippet:-1, max-image-preview:large, max-video-preview:-1\" \/>\n<link rel=\"canonical\" href=\"https:\/\/www.praxxiiis.at\/?page_id=485\" \/>\n<meta property=\"og:locale\" content=\"de_DE\" \/>\n<meta property=\"og:type\" content=\"article\" \/>\n<meta property=\"og:title\" content=\"Impressum - Praxxiiis\" \/>\n<meta property=\"og:description\" content=\"Impressum MedieninhaberinYvonne Pachschw\u00f6ll (y.pachschwoell@praxxiiis.at) Praxxiiis, Therapiezentrum an der LiesingPuccinigasse 21\/0, 1230 Wien Unternehmensgegenstand: Therapiezentrum Tel.: +43 (0) 677 630 608 30E-Mail: office@praxxiiis.at Aufsichtsbeh\u00f6rde\/Gewerbebeh\u00f6rde: Bezirkshauptmannschaft WienBerufsbezeichnung: TherapeutVerleihungsstaat: \u00d6sterreich F\u00fcr Inhalte, Texte und Fotos verantwortlich: Yvonne Pachschw\u00f6ll F\u00fcr die Designanpassungen verantwortlich:\u00a0HiGHTECHNiX Bildernachweis\" \/>\n<meta property=\"og:url\" content=\"https:\/\/www.praxxiiis.at\/?page_id=485\" \/>\n<meta property=\"og:site_name\" content=\"Praxxiiis\" \/>\n<meta property=\"article:modified_time\" content=\"2019-06-30T16:41:09+00:00\" \/>\n<meta name=\"twitter:card\" content=\"summary_large_image\" \/>\n<meta name=\"twitter:label1\" content=\"Gesch\u00e4tzte Lesezeit\">\n\t<meta name=\"twitter:data1\" content=\"1\u00a0Minute\">\n<script type=\"application\/ld+json\" class=\"yoast-schema-graph\">{\"@context\":\"https:\/\/schema.org\",\"@graph\":[{\"@type\":\"Organization\",\"@id\":\"https:\/\/www.praxxiiis.at\/#organization\",\"name\":\"Praxxiiis - Die Praxis an der Liesing\",\"url\":\"https:\/\/www.praxxiiis.at\/\",\"sameAs\":[],\"logo\":{\"@type\":\"ImageObject\",\"@id\":\"https:\/\/www.praxxiiis.at\/#logo\",\"inLanguage\":\"de\",\"url\":\"https:\/\/www.praxxiiis.at\/wp-content\/uploads\/2019\/03\/logo_praxxiiis_mit_schrift-07.png\",\"width\":599,\"height\":300,\"caption\":\"Praxxiiis - Die Praxis an der Liesing\"},\"image\":{\"@id\":\"https:\/\/www.praxxiiis.at\/#logo\"}},{\"@type\":\"WebSite\",\"@id\":\"https:\/\/www.praxxiiis.at\/#website\",\"url\":\"https:\/\/www.praxxiiis.at\/\",\"name\":\"Praxxiiis\",\"description\":\"Therapiezentrum an der Liesing\",\"publisher\":{\"@id\":\"https:\/\/www.praxxiiis.at\/#organization\"},\"potentialAction\":[{\"@type\":\"SearchAction\",\"target\":\"https:\/\/www.praxxiiis.at\/?s={search_term_string}\",\"query-input\":\"required name=search_term_string\"}],\"inLanguage\":\"de\"},{\"@type\":\"WebPage\",\"@id\":\"https:\/\/www.praxxiiis.at\/?page_id=485#webpage\",\"url\":\"https:\/\/www.praxxiiis.at\/?page_id=485\",\"name\":\"Impressum - Praxxiiis\",\"isPartOf\":{\"@id\":\"https:\/\/www.praxxiiis.at\/#website\"},\"datePublished\":\"2019-01-24T08:24:59+00:00\",\"dateModified\":\"2019-06-30T16:41:09+00:00\",\"inLanguage\":\"de\",\"potentialAction\":[{\"@type\":\"ReadAction\",\"target\":[\"https:\/\/www.praxxiiis.at\/?page_id=485\"]}]}]}<\/script>\n<!-- \/ Yoast SEO plugin. -->","_links":{"self":[{"href":"https:\/\/www.praxxiiis.at\/index.php?rest_route=\/wp\/v2\/pages\/485"}],"collection":[{"href":"https:\/\/www.praxxiiis.at\/index.php?rest_route=\/wp\/v2\/pages"}],"about":[{"href":"https:\/\/www.praxxiiis.at\/index.php?rest_route=\/wp\/v2\/types\/page"}],"author":[{"embeddable":true,"href":"https:\/\/www.praxxiiis.at\/index.php?rest_route=\/wp\/v2\/users\/2"}],"replies":[{"embeddable":true,"href":"https:\/\/www.praxxiiis.at\/index.php?rest_route=%2Fwp%2Fv2%2Fcomments&post=485"}],"version-history":[{"count":32,"href":"https:\/\/www.praxxiiis.at\/index.php?rest_route=\/wp\/v2\/pages\/485\/revisions"}],"predecessor-version":[{"id":1216,"href":"https:\/\/www.praxxiiis.at\/index.php?rest_route=\/wp\/v2\/pages\/485\/revisions\/1216"}],"wp:attachment":[{"href":"https:\/\/www.praxxiiis.at\/index.php?rest_route=%2Fwp%2Fv2%2Fmedia&parent=485"}],"curies":[{"name":"wp","href":"https:\/\/api.w.org\/{rel}","templated":true}]}}