{"id":1193,"date":"2019-11-26T15:42:40","date_gmt":"2019-11-26T14:42:40","guid":{"rendered":"http:\/\/www.praxxiiis.at\/?page_id=1193"},"modified":"2019-11-26T16:08:09","modified_gmt":"2019-11-26T15:08:09","slug":"unsere-partner","status":"publish","type":"page","link":"https:\/\/www.praxxiiis.at\/?page_id=1193","title":{"rendered":"Unsere Partner"},"content":{"rendered":"\t\t<div data-elementor-type=\"wp-page\" data-elementor-id=\"1193\" class=\"elementor elementor-1193\" data-elementor-settings=\"[]\">\n\t\t\t\t\t\t<div class=\"elementor-inner\">\n\t\t\t\t\t\t\t<div class=\"elementor-section-wrap\">\n\t\t\t\t\t\t\t<section class=\"elementor-section elementor-top-section elementor-element elementor-element-6562eb2 elementor-section-boxed elementor-section-height-default elementor-section-height-default\" data-id=\"6562eb2\" data-element_type=\"section\">\n\t\t\t\t\t\t<div class=\"elementor-container elementor-column-gap-default\">\n\t\t\t\t\t\t\t<div class=\"elementor-row\">\n\t\t\t\t\t<div class=\"elementor-column elementor-col-100 elementor-top-column elementor-element elementor-element-59461b7\" data-id=\"59461b7\" data-element_type=\"column\">\n\t\t\t<div class=\"elementor-column-wrap elementor-element-populated\">\n\t\t\t\t\t\t\t<div class=\"elementor-widget-wrap\">\n\t\t\t\t\t\t<div class=\"elementor-element elementor-element-0925fa6 elementor-widget elementor-widget-spacer\" data-id=\"0925fa6\" data-element_type=\"widget\" data-widget_type=\"spacer.default\">\n\t\t\t\t<div class=\"elementor-widget-container\">\n\t\t\t\t\t<div class=\"elementor-spacer\">\n\t\t\t<div class=\"elementor-spacer-inner\"><\/div>\n\t\t<\/div>\n\t\t\t\t<\/div>\n\t\t\t\t<\/div>\n\t\t\t\t\t\t<\/div>\n\t\t\t\t\t<\/div>\n\t\t<\/div>\n\t\t\t\t\t\t\t\t<\/div>\n\t\t\t\t\t<\/div>\n\t\t<\/section>\n\t\t\t\t<section class=\"elementor-section elementor-top-section elementor-element elementor-element-3cc3406 elementor-section-boxed elementor-section-height-default elementor-section-height-default\" data-id=\"3cc3406\" data-element_type=\"section\">\n\t\t\t\t\t\t<div class=\"elementor-container elementor-column-gap-default\">\n\t\t\t\t\t\t\t<div class=\"elementor-row\">\n\t\t\t\t\t<div class=\"elementor-column elementor-col-33 elementor-top-column elementor-element elementor-element-b9f53b0\" data-id=\"b9f53b0\" data-element_type=\"column\">\n\t\t\t<div class=\"elementor-column-wrap\">\n\t\t\t\t\t\t\t<div class=\"elementor-widget-wrap\">\n\t\t\t\t\t\t\t\t<\/div>\n\t\t\t\t\t<\/div>\n\t\t<\/div>\n\t\t\t\t<div class=\"elementor-column elementor-col-33 elementor-top-column elementor-element elementor-element-8fce301\" data-id=\"8fce301\" data-element_type=\"column\">\n\t\t\t<div class=\"elementor-column-wrap elementor-element-populated\">\n\t\t\t\t\t\t\t<div class=\"elementor-widget-wrap\">\n\t\t\t\t\t\t<div class=\"elementor-element elementor-element-2c1b263 elementor-widget elementor-widget-text-editor\" data-id=\"2c1b263\" data-element_type=\"widget\" data-widget_type=\"text-editor.default\">\n\t\t\t\t<div class=\"elementor-widget-container\">\n\t\t\t\t\t<div class=\"elementor-text-editor elementor-clearfix\"><p><strong>Unsere Partner<\/strong><\/p><p>Auf dieser Seite m\u00f6chten wir unsere Partner gerne im Detail vorstellen. Hier finden Sie alle Informationen zu unseren Partnern.<\/p><p>\u00a0<\/p><\/div>\n\t\t\t\t<\/div>\n\t\t\t\t<\/div>\n\t\t\t\t\t\t<\/div>\n\t\t\t\t\t<\/div>\n\t\t<\/div>\n\t\t\t\t<div class=\"elementor-column elementor-col-33 elementor-top-column elementor-element elementor-element-ce412cd\" data-id=\"ce412cd\" data-element_type=\"column\">\n\t\t\t<div class=\"elementor-column-wrap\">\n\t\t\t\t\t\t\t<div class=\"elementor-widget-wrap\">\n\t\t\t\t\t\t\t\t<\/div>\n\t\t\t\t\t<\/div>\n\t\t<\/div>\n\t\t\t\t\t\t\t\t<\/div>\n\t\t\t\t\t<\/div>\n\t\t<\/section>\n\t\t\t\t<section class=\"elementor-section elementor-top-section elementor-element elementor-element-9d303e7 elementor-section-boxed elementor-section-height-default elementor-section-height-default\" data-id=\"9d303e7\" data-element_type=\"section\">\n\t\t\t\t\t\t<div class=\"elementor-container elementor-column-gap-default\">\n\t\t\t\t\t\t\t<div class=\"elementor-row\">\n\t\t\t\t\t<div class=\"elementor-column elementor-col-100 elementor-top-column elementor-element elementor-element-b35eaa8\" data-id=\"b35eaa8\" data-element_type=\"column\">\n\t\t\t<div class=\"elementor-column-wrap elementor-element-populated\">\n\t\t\t\t\t\t\t<div class=\"elementor-widget-wrap\">\n\t\t\t\t\t\t<div class=\"elementor-element elementor-element-ac98810 elementor-widget elementor-widget-spacer\" data-id=\"ac98810\" data-element_type=\"widget\" data-widget_type=\"spacer.default\">\n\t\t\t\t<div class=\"elementor-widget-container\">\n\t\t\t\t\t<div class=\"elementor-spacer\">\n\t\t\t<div class=\"elementor-spacer-inner\"><\/div>\n\t\t<\/div>\n\t\t\t\t<\/div>\n\t\t\t\t<\/div>\n\t\t\t\t\t\t<\/div>\n\t\t\t\t\t<\/div>\n\t\t<\/div>\n\t\t\t\t\t\t\t\t<\/div>\n\t\t\t\t\t<\/div>\n\t\t<\/section>\n\t\t\t\t<section class=\"elementor-section elementor-top-section elementor-element elementor-element-10fba9a elementor-section-boxed elementor-section-height-default elementor-section-height-default\" data-id=\"10fba9a\" data-element_type=\"section\">\n\t\t\t\t\t\t<div class=\"elementor-container elementor-column-gap-default\">\n\t\t\t\t\t\t\t<div class=\"elementor-row\">\n\t\t\t\t\t<div class=\"elementor-column elementor-col-20 elementor-top-column elementor-element elementor-element-5b9f480\" data-id=\"5b9f480\" data-element_type=\"column\">\n\t\t\t<div class=\"elementor-column-wrap\">\n\t\t\t\t\t\t\t<div class=\"elementor-widget-wrap\">\n\t\t\t\t\t\t\t\t<\/div>\n\t\t\t\t\t<\/div>\n\t\t<\/div>\n\t\t\t\t<div class=\"elementor-column elementor-col-20 elementor-top-column elementor-element elementor-element-8f2ce11\" data-id=\"8f2ce11\" data-element_type=\"column\">\n\t\t\t<div class=\"elementor-column-wrap elementor-element-populated\">\n\t\t\t\t\t\t\t<div class=\"elementor-widget-wrap\">\n\t\t\t\t\t\t<div class=\"elementor-element elementor-element-a010800 elementor-widget elementor-widget-image\" data-id=\"a010800\" data-element_type=\"widget\" data-widget_type=\"image.default\">\n\t\t\t\t<div class=\"elementor-widget-container\">\n\t\t\t\t\t<div class=\"elementor-image\">\n\t\t\t\t\t\t\t\t\t\t<img width=\"150\" height=\"150\" src=\"https:\/\/www.praxxiiis.at\/wp-content\/uploads\/2019\/11\/partner_logorhino.jpeg\" class=\"attachment-large size-large\" alt=\"\" loading=\"lazy\" srcset=\"https:\/\/www.praxxiiis.at\/wp-content\/uploads\/2019\/11\/partner_logorhino.jpeg 150w, https:\/\/www.praxxiiis.at\/wp-content\/uploads\/2019\/11\/partner_logorhino-45x45.jpeg 45w\" sizes=\"(max-width: 150px) 100vw, 150px\" \/>\t\t\t\t\t\t\t\t\t\t\t<\/div>\n\t\t\t\t<\/div>\n\t\t\t\t<\/div>\n\t\t\t\t<div class=\"elementor-element elementor-element-3bab20c elementor-widget elementor-widget-text-editor\" data-id=\"3bab20c\" data-element_type=\"widget\" data-widget_type=\"text-editor.default\">\n\t\t\t\t<div class=\"elementor-widget-container\">\n\t\t\t\t\t<div class=\"elementor-text-editor elementor-clearfix\"><center><span style=\"font-size: 10pt;\"><b>Logorhino<br \/>Fachpraxis f\u00fcr Logop\u00e4die, Teilleistungsschw\u00e4che &amp; Konzentrationstraining<\/b><\/span><br \/><br \/><span style=\"font-size: 10pt;\">Hauptstra\u00dfe 57\/1 (Eingang Wehrgasse)<br \/>2340 M\u00f6dling<br \/><\/span><br \/><span style=\"font-size: 10pt;\"><a href=\"mailto:kontakt@logorhino.com\">kontakt@logorhino.com<\/a><\/span><br \/><span style=\"font-size: 10pt;\"><a href=\"https:\/\/www.logorhino.com\/\" target=\"_blank\" rel=\"noopener\">www.logorhino.com<\/a><\/span><\/center><\/div>\n\t\t\t\t<\/div>\n\t\t\t\t<\/div>\n\t\t\t\t\t\t<\/div>\n\t\t\t\t\t<\/div>\n\t\t<\/div>\n\t\t\t\t<div class=\"elementor-column elementor-col-20 elementor-top-column elementor-element elementor-element-e881214\" data-id=\"e881214\" data-element_type=\"column\">\n\t\t\t<div class=\"elementor-column-wrap\">\n\t\t\t\t\t\t\t<div class=\"elementor-widget-wrap\">\n\t\t\t\t\t\t\t\t<\/div>\n\t\t\t\t\t<\/div>\n\t\t<\/div>\n\t\t\t\t<div class=\"elementor-column elementor-col-20 elementor-top-column elementor-element elementor-element-9616097\" data-id=\"9616097\" data-element_type=\"column\">\n\t\t\t<div class=\"elementor-column-wrap\">\n\t\t\t\t\t\t\t<div class=\"elementor-widget-wrap\">\n\t\t\t\t\t\t\t\t<\/div>\n\t\t\t\t\t<\/div>\n\t\t<\/div>\n\t\t\t\t<div class=\"elementor-column elementor-col-20 elementor-top-column elementor-element elementor-element-de07a5f\" data-id=\"de07a5f\" data-element_type=\"column\">\n\t\t\t<div class=\"elementor-column-wrap\">\n\t\t\t\t\t\t\t<div class=\"elementor-widget-wrap\">\n\t\t\t\t\t\t\t\t<\/div>\n\t\t\t\t\t<\/div>\n\t\t<\/div>\n\t\t\t\t\t\t\t\t<\/div>\n\t\t\t\t\t<\/div>\n\t\t<\/section>\n\t\t\t\t<section class=\"elementor-section elementor-top-section elementor-element elementor-element-d48d7c5 elementor-section-boxed elementor-section-height-default elementor-section-height-default\" data-id=\"d48d7c5\" data-element_type=\"section\">\n\t\t\t\t\t\t<div class=\"elementor-container elementor-column-gap-default\">\n\t\t\t\t\t\t\t<div class=\"elementor-row\">\n\t\t\t\t\t<div class=\"elementor-column elementor-col-100 elementor-top-column elementor-element elementor-element-fd7c189\" data-id=\"fd7c189\" data-element_type=\"column\">\n\t\t\t<div class=\"elementor-column-wrap elementor-element-populated\">\n\t\t\t\t\t\t\t<div class=\"elementor-widget-wrap\">\n\t\t\t\t\t\t<div class=\"elementor-element elementor-element-edf65f8 elementor-widget elementor-widget-spacer\" data-id=\"edf65f8\" data-element_type=\"widget\" data-widget_type=\"spacer.default\">\n\t\t\t\t<div class=\"elementor-widget-container\">\n\t\t\t\t\t<div class=\"elementor-spacer\">\n\t\t\t<div class=\"elementor-spacer-inner\"><\/div>\n\t\t<\/div>\n\t\t\t\t<\/div>\n\t\t\t\t<\/div>\n\t\t\t\t\t\t<\/div>\n\t\t\t\t\t<\/div>\n\t\t<\/div>\n\t\t\t\t\t\t\t\t<\/div>\n\t\t\t\t\t<\/div>\n\t\t<\/section>\n\t\t\t\t\t\t<\/div>\n\t\t\t\t\t\t<\/div>\n\t\t\t\t\t<\/div>\n\t\t","protected":false},"excerpt":{"rendered":"<p>Unsere Partner Auf dieser Seite m\u00f6chten wir unsere Partner gerne im Detail vorstellen. Hier finden Sie alle Informationen zu unseren Partnern. \u00a0 LogorhinoFachpraxis f\u00fcr Logop\u00e4die, Teilleistungsschw\u00e4che &amp; Konzentrationstraining Hauptstra\u00dfe 57\/1 (Eingang Wehrgasse)2340 M\u00f6dling kontakt@logorhino.comwww.logorhino.com<\/p>\n","protected":false},"author":2,"featured_media":0,"parent":0,"menu_order":0,"comment_status":"closed","ping_status":"closed","template":"","meta":[],"yoast_head":"<!-- This site is optimized with the Yoast SEO plugin v15.5 - https:\/\/yoast.com\/wordpress\/plugins\/seo\/ -->\n<title>Unsere Partner - Praxxiiis<\/title>\n<meta name=\"robots\" content=\"index, follow, max-snippet:-1, max-image-preview:large, max-video-preview:-1\" \/>\n<link rel=\"canonical\" href=\"https:\/\/www.praxxiiis.at\/?page_id=1193\" \/>\n<meta property=\"og:locale\" content=\"de_DE\" \/>\n<meta property=\"og:type\" content=\"article\" \/>\n<meta property=\"og:title\" content=\"Unsere Partner - Praxxiiis\" \/>\n<meta property=\"og:description\" content=\"Unsere Partner Auf dieser Seite m\u00f6chten wir unsere Partner gerne im Detail vorstellen. Hier finden Sie alle Informationen zu unseren Partnern. \u00a0 LogorhinoFachpraxis f\u00fcr Logop\u00e4die, Teilleistungsschw\u00e4che &amp; Konzentrationstraining Hauptstra\u00dfe 57\/1 (Eingang Wehrgasse)2340 M\u00f6dling kontakt@logorhino.comwww.logorhino.com\" \/>\n<meta property=\"og:url\" content=\"https:\/\/www.praxxiiis.at\/?page_id=1193\" \/>\n<meta property=\"og:site_name\" content=\"Praxxiiis\" \/>\n<meta property=\"article:modified_time\" content=\"2019-11-26T15:08:09+00:00\" \/>\n<meta property=\"og:image\" content=\"http:\/\/www.praxxiiis.at\/wp-content\/uploads\/2019\/11\/partner_logorhino.jpeg\" \/>\n<meta name=\"twitter:card\" content=\"summary_large_image\" \/>\n<meta name=\"twitter:label1\" content=\"Gesch\u00e4tzte Lesezeit\">\n\t<meta name=\"twitter:data1\" content=\"0\u00a0Minuten\">\n<script type=\"application\/ld+json\" class=\"yoast-schema-graph\">{\"@context\":\"https:\/\/schema.org\",\"@graph\":[{\"@type\":\"Organization\",\"@id\":\"https:\/\/www.praxxiiis.at\/#organization\",\"name\":\"Praxxiiis - Die Praxis an der Liesing\",\"url\":\"https:\/\/www.praxxiiis.at\/\",\"sameAs\":[],\"logo\":{\"@type\":\"ImageObject\",\"@id\":\"https:\/\/www.praxxiiis.at\/#logo\",\"inLanguage\":\"de\",\"url\":\"https:\/\/www.praxxiiis.at\/wp-content\/uploads\/2019\/03\/logo_praxxiiis_mit_schrift-07.png\",\"width\":599,\"height\":300,\"caption\":\"Praxxiiis - Die Praxis an der Liesing\"},\"image\":{\"@id\":\"https:\/\/www.praxxiiis.at\/#logo\"}},{\"@type\":\"WebSite\",\"@id\":\"https:\/\/www.praxxiiis.at\/#website\",\"url\":\"https:\/\/www.praxxiiis.at\/\",\"name\":\"Praxxiiis\",\"description\":\"Therapiezentrum an der Liesing\",\"publisher\":{\"@id\":\"https:\/\/www.praxxiiis.at\/#organization\"},\"potentialAction\":[{\"@type\":\"SearchAction\",\"target\":\"https:\/\/www.praxxiiis.at\/?s={search_term_string}\",\"query-input\":\"required name=search_term_string\"}],\"inLanguage\":\"de\"},{\"@type\":\"ImageObject\",\"@id\":\"https:\/\/www.praxxiiis.at\/?page_id=1193#primaryimage\",\"inLanguage\":\"de\",\"url\":\"http:\/\/www.praxxiiis.at\/wp-content\/uploads\/2019\/11\/partner_logorhino.jpeg\"},{\"@type\":\"WebPage\",\"@id\":\"https:\/\/www.praxxiiis.at\/?page_id=1193#webpage\",\"url\":\"https:\/\/www.praxxiiis.at\/?page_id=1193\",\"name\":\"Unsere Partner - Praxxiiis\",\"isPartOf\":{\"@id\":\"https:\/\/www.praxxiiis.at\/#website\"},\"primaryImageOfPage\":{\"@id\":\"https:\/\/www.praxxiiis.at\/?page_id=1193#primaryimage\"},\"datePublished\":\"2019-11-26T14:42:40+00:00\",\"dateModified\":\"2019-11-26T15:08:09+00:00\",\"inLanguage\":\"de\",\"potentialAction\":[{\"@type\":\"ReadAction\",\"target\":[\"https:\/\/www.praxxiiis.at\/?page_id=1193\"]}]}]}<\/script>\n<!-- \/ Yoast SEO plugin. -->","_links":{"self":[{"href":"https:\/\/www.praxxiiis.at\/index.php?rest_route=\/wp\/v2\/pages\/1193"}],"collection":[{"href":"https:\/\/www.praxxiiis.at\/index.php?rest_route=\/wp\/v2\/pages"}],"about":[{"href":"https:\/\/www.praxxiiis.at\/index.php?rest_route=\/wp\/v2\/types\/page"}],"author":[{"embeddable":true,"href":"https:\/\/www.praxxiiis.at\/index.php?rest_route=\/wp\/v2\/users\/2"}],"replies":[{"embeddable":true,"href":"https:\/\/www.praxxiiis.at\/index.php?rest_route=%2Fwp%2Fv2%2Fcomments&post=1193"}],"version-history":[{"count":12,"href":"https:\/\/www.praxxiiis.at\/index.php?rest_route=\/wp\/v2\/pages\/1193\/revisions"}],"predecessor-version":[{"id":1211,"href":"https:\/\/www.praxxiiis.at\/index.php?rest_route=\/wp\/v2\/pages\/1193\/revisions\/1211"}],"wp:attachment":[{"href":"https:\/\/www.praxxiiis.at\/index.php?rest_route=%2Fwp%2Fv2%2Fmedia&parent=1193"}],"curies":[{"name":"wp","href":"https:\/\/api.w.org\/{rel}","templated":true}]}}